{"id":2,"date":"2009-09-08T17:29:49","date_gmt":"2009-09-08T15:29:49","guid":{"rendered":"http:\/\/192.168.0.5\/no_chenchene\/?page_id=2"},"modified":"2016-06-20T20:50:47","modified_gmt":"2016-06-20T18:50:47","slug":"about","status":"publish","type":"page","link":"http:\/\/no.chenchene.com\/?page_id=2","title":{"rendered":"Om Chenchene"},"content":{"rendered":"<p>Jeg har alltid v\u00e6rt glad i mat. Etter hvert ble jeg ogs\u00e5 glad i \u00e5 lage mat.<br \/>\nI bloggingens begynnelse, valgte jeg \u00e5 skrive en <a href=\"http:\/\/chenchene.com\/\">matblog p\u00e5 persisk<\/a>. Etter hvert ble jeg presset av en del venner og bekjente til \u00e5 skrive en matblog p\u00e5 norsk ogs\u00e5. Derfor har jeg i dag to matblogger, en persisk som har med flere oppskrifter og den norske bloggen med f\u00e6rre oppskrifter.<br \/>\nNavnet p\u00e5 bloggen Chenchene betyr sm\u00e5spising p\u00e5 Persisk.<\/p>\n","protected":false},"excerpt":{"rendered":"<p>Jeg har alltid v\u00e6rt glad i mat. Etter hvert ble jeg ogs\u00e5 glad i \u00e5 lage mat. I bloggingens begynnelse, valgte jeg \u00e5 skrive en matblog p\u00e5 persisk. Etter hvert ble jeg presset av en del venner og bekjente til \u00e5 skrive en matblog p\u00e5 norsk ogs\u00e5. Derfor har jeg i dag to matblogger, en [&hellip;]<\/p>\n","protected":false},"author":1,"featured_media":0,"parent":0,"menu_order":0,"comment_status":"open","ping_status":"open","template":"","meta":[],"_links":{"self":[{"href":"http:\/\/no.chenchene.com\/index.php?rest_route=\/wp\/v2\/pages\/2"}],"collection":[{"href":"http:\/\/no.chenchene.com\/index.php?rest_route=\/wp\/v2\/pages"}],"about":[{"href":"http:\/\/no.chenchene.com\/index.php?rest_route=\/wp\/v2\/types\/page"}],"author":[{"embeddable":true,"href":"http:\/\/no.chenchene.com\/index.php?rest_route=\/wp\/v2\/users\/1"}],"replies":[{"embeddable":true,"href":"http:\/\/no.chenchene.com\/index.php?rest_route=%2Fwp%2Fv2%2Fcomments&post=2"}],"version-history":[{"count":2,"href":"http:\/\/no.chenchene.com\/index.php?rest_route=\/wp\/v2\/pages\/2\/revisions"}],"predecessor-version":[{"id":152,"href":"http:\/\/no.chenchene.com\/index.php?rest_route=\/wp\/v2\/pages\/2\/revisions\/152"}],"wp:attachment":[{"href":"http:\/\/no.chenchene.com\/index.php?rest_route=%2Fwp%2Fv2%2Fmedia&parent=2"}],"curies":[{"name":"wp","href":"https:\/\/api.w.org\/{rel}","templated":true}]}}